{"id":7337,"date":"2021-09-08T13:26:28","date_gmt":"2021-09-08T13:26:28","guid":{"rendered":"http:\/\/loicpantaly.com\/?page_id=7337"},"modified":"2021-09-13T17:23:45","modified_gmt":"2021-09-13T17:23:45","slug":"presentation","status":"publish","type":"page","link":"https:\/\/loicpantaly.com\/","title":{"rendered":"Lo\u00efc Pantaly"},"content":{"rendered":"\n<div class=\"wp-block-image\"><figure class=\"alignleft size-full is-resized\"><img loading=\"lazy\" decoding=\"async\" src=\"http:\/\/loicpantaly.com\/wp-content\/uploads\/2021\/09\/Sans-titre-14-1.gif\" alt=\"\" class=\"wp-image-7517\" width=\"330\" height=\"272\"\/><\/figure><\/div>\n\n\n\n<p><\/p>\n\n\n\n<p>Lo\u00efc Pantaly, \u00e9labore de fa\u00e7on unilat\u00e9rale une science exp\u00e9rimentale o\u00f9 l\u2019absurdit\u00e9 c\u00f4toie la m\u00e9canique et la po\u00e9sie.<br>\n \u0152uvre bricologique, ses cr\u00e9ations mettent en sc\u00e8ne les processus d\u2019\u00e9laboration de ses id\u00e9es et accompagnent avec humour le visiteur dans les circonvolutions de sa pens\u00e9e. <br>\nIl s\u2019inscrit dans la lign\u00e9e des pataphysiens et de la science des solutions imaginaires. Son propre univers est color\u00e9, sch\u00e9matique, bricol\u00e9, lumineux, dessin\u00e9, dr\u00f4le, bavard et synth\u00e9tique&#8230; <br>\nL\u2019\u0153uvre de Pantaly s\u2019approche sur deux niveaux compl\u00e9mentaires ; Au-del\u00e0 d\u2019une premi\u00e8re et essentielle rencontre narrative avec l\u2019\u0153uvre autour du         processus de cr\u00e9ation, sculptures et dessins proposent \u00e9galement une autre vision, plus plastique celle-ci, construite autour de l\u2019ins- tallation des pi\u00e8ces dans l\u2019espace o\u00f9 il est alors question de lignes et de surfaces, de rythmes et de mouvements, d\u2019espaces, cr\u00e9ant ainsi une derni\u00e8re dimension o\u00f9 s\u2019installe la pi\u00e8ce.<\/p>\n\n\n\n<p class=\"has-text-align-right\"><em><strong>Sophie Costamagna<\/strong><\/em><\/p>\n\n\n\n<div class=\"wp-block-image\"><figure class=\"aligncenter size-full is-resized\"><img loading=\"lazy\" decoding=\"async\" src=\"http:\/\/loicpantaly.com\/wp-content\/uploads\/2021\/09\/15317969_10211612444886897_2712534081310689061_n.jpg\" alt=\"\" class=\"wp-image-7537\" width=\"409\" height=\"409\" srcset=\"https:\/\/loicpantaly.com\/wp-content\/uploads\/2021\/09\/15317969_10211612444886897_2712534081310689061_n.jpg 720w, https:\/\/loicpantaly.com\/wp-content\/uploads\/2021\/09\/15317969_10211612444886897_2712534081310689061_n-300x300.jpg 300w, https:\/\/loicpantaly.com\/wp-content\/uploads\/2021\/09\/15317969_10211612444886897_2712534081310689061_n-150x150.jpg 150w, https:\/\/loicpantaly.com\/wp-content\/uploads\/2021\/09\/15317969_10211612444886897_2712534081310689061_n-500x500.jpg 500w\" sizes=\"auto, (max-width: 409px) 100vw, 409px\" \/><\/figure><\/div>\n","protected":false},"excerpt":{"rendered":"<p>\u2026<\/p>\n","protected":false},"author":1,"featured_media":0,"parent":0,"menu_order":0,"comment_status":"closed","ping_status":"closed","template":"","meta":{"footnotes":""},"class_list":["post-7337","page","type-page","status-publish","hentry","post"],"_links":{"self":[{"href":"https:\/\/loicpantaly.com\/index.php\/wp-json\/wp\/v2\/pages\/7337","targetHints":{"allow":["GET"]}}],"collection":[{"href":"https:\/\/loicpantaly.com\/index.php\/wp-json\/wp\/v2\/pages"}],"about":[{"href":"https:\/\/loicpantaly.com\/index.php\/wp-json\/wp\/v2\/types\/page"}],"author":[{"embeddable":true,"href":"https:\/\/loicpantaly.com\/index.php\/wp-json\/wp\/v2\/users\/1"}],"replies":[{"embeddable":true,"href":"https:\/\/loicpantaly.com\/index.php\/wp-json\/wp\/v2\/comments?post=7337"}],"version-history":[{"count":19,"href":"https:\/\/loicpantaly.com\/index.php\/wp-json\/wp\/v2\/pages\/7337\/revisions"}],"predecessor-version":[{"id":7559,"href":"https:\/\/loicpantaly.com\/index.php\/wp-json\/wp\/v2\/pages\/7337\/revisions\/7559"}],"wp:attachment":[{"href":"https:\/\/loicpantaly.com\/index.php\/wp-json\/wp\/v2\/media?parent=7337"}],"curies":[{"name":"wp","href":"https:\/\/api.w.org\/{rel}","templated":true}]}}