{"id":7455,"date":"2021-09-13T11:49:36","date_gmt":"2021-09-13T11:49:36","guid":{"rendered":"http:\/\/loicpantaly.com\/?page_id=7455"},"modified":"2021-09-15T10:27:34","modified_gmt":"2021-09-15T10:27:34","slug":"geometrie-celibataire","status":"publish","type":"page","link":"https:\/\/loicpantaly.com\/index.php\/geometrie-celibataire\/","title":{"rendered":"G\u00e9om\u00e9trie c\u00e9libataire"},"content":{"rendered":"\n<div class=\"wp-block-image\"><figure class=\"alignleft size-full is-resized\"><img loading=\"lazy\" decoding=\"async\" src=\"http:\/\/loicpantaly.com\/wp-content\/uploads\/2021\/09\/Sans-titre-11.gif\" alt=\"\" class=\"wp-image-7489\" width=\"388\" height=\"292\"\/><\/figure><\/div>\n\n\n\n<p>Surajouter aux th\u00e9or\u00e8mes et \u00e0 l\u2019abstraction, des solutions imaginaires \u00e9loign\u00e9es des g\u00e9n\u00e9ralit\u00e9s scientiques et artistiques.<br>D\u00e9livrer des entit\u00e9s, du vocabulaire, de la gestuelle aux formes.<br> D\u00e9couvrir de v\u00e9ritables \u2018exceptions, refuser ce qui est s\u00e9rieux, engendrer des analogies:<br>Electriser les \u00e9quations, en injecter du non sens pour en tirer de nouvelles solutions.<\/p>\n\n\n\n<p>Comme une machine, la g\u00e9om\u00e9trie c\u00e9libataire refuse et asocialise le syst\u00e8me de la vie.<br>Elle marche seule, avec sa propre logique, sans se soucier de finalit\u00e9. Cette discipline est \u00e0 la fois profond\u00e9ment consciensieuse et totalement d\u00e9risoire.<\/p>\n\n\n\n<div class=\"wp-block-envira-envira-gallery\"><div id=\"envira-gallery-wrap-7549\" class=\"envira-gallery-wrap envira-gallery-theme-base envira-lightbox-theme-base\" itemscope itemtype=\"https:\/\/schema.org\/ImageGallery\"><div style=\"opacity: 0.0\"  data-row-height=\"150\" data-gallery-theme=\"normal\" id=\"envira-gallery-7549\" class=\"envira-gallery-public envira-gallery-justified-public envira-gallery-0-columns envira-clear enviratope envira-gallery-css-animations\" data-envira-columns=\"0\"><div id=\"envira-gallery-item-7548\" class=\"envira-gallery-item enviratope-item envira-gallery-item-1 envira-lazy-load\" style=\"padding-left: 1px; padding-bottom: 1px; padding-right: 1px;\"  itemscope itemtype=\"https:\/\/schema.org\/ImageObject\"><div class=\"envira-gallery-item-inner\"><div class=\"envira-gallery-position-overlay  envira-gallery-top-left\"><\/div><div class=\"envira-gallery-position-overlay  envira-gallery-top-right\"><\/div><div class=\"envira-gallery-position-overlay  envira-gallery-bottom-left\"><\/div><div class=\"envira-gallery-position-overlay  envira-gallery-bottom-right\"><\/div><a href=\"http:\/\/loicpantaly.com\/wp-content\/uploads\/2021\/09\/XY.jpeg\" class=\"envira-gallery-7549 envira-gallery-link\" rel=\"enviragallery7549\" title=\"XY\" data-envira-caption=\"XY\" data-envira-retina=\"\" data-thumbnail=\"\"  itemprop=\"contentUrl\"><img decoding=\"async\" id=\"envira-gallery-image-7548\" class=\"envira-gallery-image envira-gallery-image-1 envira-normal envira-lazy\" data-envira-index=\"1\" src=\"https:\/\/loicpantaly.com\/wp-content\/uploads\/2021\/09\/XY-1024x704-640x480.jpeg\" data-envira-src=\"https:\/\/loicpantaly.com\/wp-content\/uploads\/2021\/09\/XY-1024x704-640x480.jpeg\" data-envira-gallery-id=\"7549\" data-envira-item-id=\"7548\" data-envira-caption=\"XY\" alt=\"\" title=\"XY\"  itemprop=\"thumbnailUrl\" data-envira-srcset=\"https:\/\/loicpantaly.com\/wp-content\/uploads\/2021\/09\/XY-1024x704-640x480.jpeg 400w,https:\/\/loicpantaly.com\/wp-content\/uploads\/2021\/09\/XY-1024x704-640x480.jpeg 2x\" data-envira-width=\"300\" data-envira-height=\"206\" srcset=\"data:image\/gif;base64,R0lGODlhAQABAIAAAP\/\/\/\/\/\/\/yH5BAEKAAEALAAAAAABAAEAAAICTAEAOw==\" data-safe-src=\"data:image\/gif;base64,R0lGODlhAQABAIAAAP\/\/\/\/\/\/\/yH5BAEKAAEALAAAAAABAAEAAAICTAEAOw==\" \/><\/a><\/div><\/div><div id=\"envira-gallery-item-7550\" class=\"envira-gallery-item enviratope-item envira-gallery-item-2 envira-lazy-load\" style=\"padding-left: 1px; padding-bottom: 1px; padding-right: 1px;\"  itemscope itemtype=\"https:\/\/schema.org\/ImageObject\"><div class=\"envira-gallery-item-inner\"><div class=\"envira-gallery-position-overlay  envira-gallery-top-left\"><\/div><div class=\"envira-gallery-position-overlay  envira-gallery-top-right\"><\/div><div class=\"envira-gallery-position-overlay  envira-gallery-bottom-left\"><\/div><div class=\"envira-gallery-position-overlay  envira-gallery-bottom-right\"><\/div><a href=\"http:\/\/loicpantaly.com\/wp-content\/uploads\/2021\/09\/Capture-de\u0301cran-2021-09-12-a\u0300-21.15.30.png\" class=\"envira-gallery-7549 envira-gallery-link\" rel=\"enviragallery7549\" title=\"R\u00e9volution #3\" data-envira-caption=\"R\u00e9volution #3\" data-envira-retina=\"\" data-thumbnail=\"\"  itemprop=\"contentUrl\"><img decoding=\"async\" id=\"envira-gallery-image-7550\" class=\"envira-gallery-image envira-gallery-image-2 envira-normal envira-lazy\" data-envira-index=\"2\" src=\"https:\/\/loicpantaly.com\/wp-content\/uploads\/2021\/09\/Capture-de\u0301cran-2021-09-12-a\u0300-21.15.30-898x1024-640x480.png\" data-envira-src=\"https:\/\/loicpantaly.com\/wp-content\/uploads\/2021\/09\/Capture-de\u0301cran-2021-09-12-a\u0300-21.15.30-898x1024-640x480.png\" data-envira-gallery-id=\"7549\" data-envira-item-id=\"7550\" data-envira-caption=\"R\u00e9volution #3\" alt=\"\" title=\"R\u00e9volution #3\"  itemprop=\"thumbnailUrl\" data-envira-srcset=\"https:\/\/loicpantaly.com\/wp-content\/uploads\/2021\/09\/Capture-de\u0301cran-2021-09-12-a\u0300-21.15.30-898x1024-640x480.png 400w,https:\/\/loicpantaly.com\/wp-content\/uploads\/2021\/09\/Capture-de\u0301cran-2021-09-12-a\u0300-21.15.30-898x1024-640x480.png 2x\" data-envira-width=\"263\" data-envira-height=\"300\" srcset=\"data:image\/gif;base64,R0lGODlhAQABAIAAAP\/\/\/\/\/\/\/yH5BAEKAAEALAAAAAABAAEAAAICTAEAOw==\" data-safe-src=\"data:image\/gif;base64,R0lGODlhAQABAIAAAP\/\/\/\/\/\/\/yH5BAEKAAEALAAAAAABAAEAAAICTAEAOw==\" \/><\/a><\/div><\/div><div id=\"envira-gallery-item-7551\" class=\"envira-gallery-item enviratope-item envira-gallery-item-3 envira-lazy-load\" style=\"padding-left: 1px; padding-bottom: 1px; padding-right: 1px;\"  itemscope itemtype=\"https:\/\/schema.org\/ImageObject\"><div class=\"envira-gallery-item-inner\"><div class=\"envira-gallery-position-overlay  envira-gallery-top-left\"><\/div><div class=\"envira-gallery-position-overlay  envira-gallery-top-right\"><\/div><div class=\"envira-gallery-position-overlay  envira-gallery-bottom-left\"><\/div><div class=\"envira-gallery-position-overlay  envira-gallery-bottom-right\"><\/div><a href=\"http:\/\/loicpantaly.com\/wp-content\/uploads\/2021\/09\/IMG_4257-scaled.jpg\" class=\"envira-gallery-7549 envira-gallery-link\" rel=\"enviragallery7549\" title=\"vue d'atelier\" data-envira-caption=\"vue d'atelier\" data-envira-retina=\"\" data-thumbnail=\"\"  itemprop=\"contentUrl\"><img decoding=\"async\" id=\"envira-gallery-image-7551\" class=\"envira-gallery-image envira-gallery-image-3 envira-normal envira-lazy\" data-envira-index=\"3\" src=\"https:\/\/loicpantaly.com\/wp-content\/uploads\/2021\/09\/IMG_4257-1024x768-640x480.jpg\" data-envira-src=\"https:\/\/loicpantaly.com\/wp-content\/uploads\/2021\/09\/IMG_4257-1024x768-640x480.jpg\" data-envira-gallery-id=\"7549\" data-envira-item-id=\"7551\" data-envira-caption=\"vue d'atelier\" alt=\"\" title=\"vue d'atelier\"  itemprop=\"thumbnailUrl\" data-envira-srcset=\"https:\/\/loicpantaly.com\/wp-content\/uploads\/2021\/09\/IMG_4257-1024x768-640x480.jpg 400w,https:\/\/loicpantaly.com\/wp-content\/uploads\/2021\/09\/IMG_4257-1024x768-640x480.jpg 2x\" data-envira-width=\"300\" data-envira-height=\"225\" srcset=\"data:image\/gif;base64,R0lGODlhAQABAIAAAP\/\/\/\/\/\/\/yH5BAEKAAEALAAAAAABAAEAAAICTAEAOw==\" data-safe-src=\"data:image\/gif;base64,R0lGODlhAQABAIAAAP\/\/\/\/\/\/\/yH5BAEKAAEALAAAAAABAAEAAAICTAEAOw==\" \/><\/a><\/div><\/div><div id=\"envira-gallery-item-7562\" class=\"envira-gallery-item enviratope-item envira-gallery-item-4 envira-lazy-load\" style=\"padding-left: 1px; padding-bottom: 1px; padding-right: 1px;\"  itemscope itemtype=\"https:\/\/schema.org\/ImageObject\"><div class=\"envira-gallery-item-inner\"><div class=\"envira-gallery-position-overlay  envira-gallery-top-left\"><\/div><div class=\"envira-gallery-position-overlay  envira-gallery-top-right\"><\/div><div class=\"envira-gallery-position-overlay  envira-gallery-bottom-left\"><\/div><div class=\"envira-gallery-position-overlay  envira-gallery-bottom-right\"><\/div><a href=\"http:\/\/loicpantaly.com\/wp-content\/uploads\/2021\/09\/IMG-2379-scaled.jpeg\" class=\"envira-gallery-7549 envira-gallery-link\" rel=\"enviragallery7549\" title=\"X---&amp;gt;Y\" data-envira-caption=\"X---&amp;gt;Y\" data-envira-retina=\"\" data-thumbnail=\"\"  itemprop=\"contentUrl\"><img decoding=\"async\" id=\"envira-gallery-image-7562\" class=\"envira-gallery-image envira-gallery-image-4 envira-normal envira-lazy\" data-envira-index=\"4\" src=\"https:\/\/loicpantaly.com\/wp-content\/uploads\/2021\/09\/IMG-2379-1024x768-640x480.jpeg\" data-envira-src=\"https:\/\/loicpantaly.com\/wp-content\/uploads\/2021\/09\/IMG-2379-1024x768-640x480.jpeg\" data-envira-gallery-id=\"7549\" data-envira-item-id=\"7562\" data-envira-caption=\"X---&amp;amp;gt;Y\" alt=\"\" title=\"X---&amp;gt;Y\"  itemprop=\"thumbnailUrl\" data-envira-srcset=\"https:\/\/loicpantaly.com\/wp-content\/uploads\/2021\/09\/IMG-2379-1024x768-640x480.jpeg 400w,https:\/\/loicpantaly.com\/wp-content\/uploads\/2021\/09\/IMG-2379-1024x768-640x480.jpeg 2x\" data-envira-width=\"300\" data-envira-height=\"225\" srcset=\"data:image\/gif;base64,R0lGODlhAQABAIAAAP\/\/\/\/\/\/\/yH5BAEKAAEALAAAAAABAAEAAAICTAEAOw==\" data-safe-src=\"data:image\/gif;base64,R0lGODlhAQABAIAAAP\/\/\/\/\/\/\/yH5BAEKAAEALAAAAAABAAEAAAICTAEAOw==\" \/><\/a><\/div><\/div><div id=\"envira-gallery-item-7565\" class=\"envira-gallery-item enviratope-item envira-gallery-item-5 envira-lazy-load\" style=\"padding-left: 1px; padding-bottom: 1px; padding-right: 1px;\"  itemscope itemtype=\"https:\/\/schema.org\/ImageObject\"><div class=\"envira-gallery-item-inner\"><div class=\"envira-gallery-position-overlay  envira-gallery-top-left\"><\/div><div class=\"envira-gallery-position-overlay  envira-gallery-top-right\"><\/div><div class=\"envira-gallery-position-overlay  envira-gallery-bottom-left\"><\/div><div class=\"envira-gallery-position-overlay  envira-gallery-bottom-right\"><\/div><a href=\"http:\/\/loicpantaly.com\/wp-content\/uploads\/2021\/09\/IMG-4152-scaled.jpeg\" class=\"envira-gallery-7549 envira-gallery-link\" rel=\"enviragallery7549\" title=\"paral\u00e9\u00efsme\" data-envira-caption=\"paral\u00e9\u00efsme\" data-envira-retina=\"\" data-thumbnail=\"\"  itemprop=\"contentUrl\"><img decoding=\"async\" id=\"envira-gallery-image-7565\" class=\"envira-gallery-image envira-gallery-image-5 envira-normal envira-lazy\" data-envira-index=\"5\" src=\"https:\/\/loicpantaly.com\/wp-content\/uploads\/2021\/09\/IMG-4152-703x1024-640x480.jpeg\" data-envira-src=\"https:\/\/loicpantaly.com\/wp-content\/uploads\/2021\/09\/IMG-4152-703x1024-640x480.jpeg\" data-envira-gallery-id=\"7549\" data-envira-item-id=\"7565\" data-envira-caption=\"paral\u00e9\u00efsme\" alt=\"\" title=\"paral\u00e9\u00efsme\"  itemprop=\"thumbnailUrl\" data-envira-srcset=\"https:\/\/loicpantaly.com\/wp-content\/uploads\/2021\/09\/IMG-4152-703x1024-640x480.jpeg 400w,https:\/\/loicpantaly.com\/wp-content\/uploads\/2021\/09\/IMG-4152-703x1024-640x480.jpeg 2x\" data-envira-width=\"206\" data-envira-height=\"300\" srcset=\"data:image\/gif;base64,R0lGODlhAQABAIAAAP\/\/\/\/\/\/\/yH5BAEKAAEALAAAAAABAAEAAAICTAEAOw==\" data-safe-src=\"data:image\/gif;base64,R0lGODlhAQABAIAAAP\/\/\/\/\/\/\/yH5BAEKAAEALAAAAAABAAEAAAICTAEAOw==\" \/><\/a><\/div><\/div><div id=\"envira-gallery-item-7568\" class=\"envira-gallery-item enviratope-item envira-gallery-item-6 envira-lazy-load\" style=\"padding-left: 1px; padding-bottom: 1px; padding-right: 1px;\"  itemscope itemtype=\"https:\/\/schema.org\/ImageObject\"><div class=\"envira-gallery-item-inner\"><div class=\"envira-gallery-position-overlay  envira-gallery-top-left\"><\/div><div class=\"envira-gallery-position-overlay  envira-gallery-top-right\"><\/div><div class=\"envira-gallery-position-overlay  envira-gallery-bottom-left\"><\/div><div class=\"envira-gallery-position-overlay  envira-gallery-bottom-right\"><\/div><a href=\"http:\/\/loicpantaly.com\/wp-content\/uploads\/2021\/09\/ABOVO.png\" class=\"envira-gallery-7549 envira-gallery-link\" rel=\"enviragallery7549\" title=\"ABOVO\" data-envira-caption=\"ABOVO\" data-envira-retina=\"\" data-thumbnail=\"\"  itemprop=\"contentUrl\"><img decoding=\"async\" id=\"envira-gallery-image-7568\" class=\"envira-gallery-image envira-gallery-image-6 envira-normal envira-lazy\" data-envira-index=\"6\" src=\"https:\/\/loicpantaly.com\/wp-content\/uploads\/2021\/09\/ABOVO-1024x768-640x480.png\" data-envira-src=\"https:\/\/loicpantaly.com\/wp-content\/uploads\/2021\/09\/ABOVO-1024x768-640x480.png\" data-envira-gallery-id=\"7549\" data-envira-item-id=\"7568\" data-envira-caption=\"ABOVO\" alt=\"\" title=\"ABOVO\"  itemprop=\"thumbnailUrl\" data-envira-srcset=\"https:\/\/loicpantaly.com\/wp-content\/uploads\/2021\/09\/ABOVO-1024x768-640x480.png 400w,https:\/\/loicpantaly.com\/wp-content\/uploads\/2021\/09\/ABOVO-1024x768-640x480.png 2x\" data-envira-width=\"300\" data-envira-height=\"225\" srcset=\"data:image\/gif;base64,R0lGODlhAQABAIAAAP\/\/\/\/\/\/\/yH5BAEKAAEALAAAAAABAAEAAAICTAEAOw==\" data-safe-src=\"data:image\/gif;base64,R0lGODlhAQABAIAAAP\/\/\/\/\/\/\/yH5BAEKAAEALAAAAAABAAEAAAICTAEAOw==\" \/><\/a><\/div><\/div><\/div><\/div><noscript><img decoding=\"async\" src=\"https:\/\/loicpantaly.com\/wp-content\/uploads\/2021\/09\/XY.jpeg\" alt=\"\" \/><img decoding=\"async\" src=\"https:\/\/loicpantaly.com\/wp-content\/uploads\/2021\/09\/Capture-de\u0301cran-2021-09-12-a\u0300-21.15.30.png\" alt=\"\" \/><img decoding=\"async\" src=\"https:\/\/loicpantaly.com\/wp-content\/uploads\/2021\/09\/IMG_4257-scaled.jpg\" alt=\"\" \/><img decoding=\"async\" src=\"https:\/\/loicpantaly.com\/wp-content\/uploads\/2021\/09\/IMG-2379-scaled.jpeg\" alt=\"\" \/><img decoding=\"async\" src=\"https:\/\/loicpantaly.com\/wp-content\/uploads\/2021\/09\/IMG-4152-scaled.jpeg\" alt=\"\" \/><img decoding=\"async\" src=\"https:\/\/loicpantaly.com\/wp-content\/uploads\/2021\/09\/ABOVO.png\" alt=\"\" \/><\/noscript><\/div>\n\n\n\n<figure class=\"wp-block-video\"><video height=\"1080\" style=\"aspect-ratio: 1920 \/ 1080;\" width=\"1920\" controls src=\"http:\/\/loicpantaly.com\/wp-content\/uploads\/2021\/09\/LOIC-PANTALY-XY.mov\"><\/video><\/figure>\n\n\n\n<p><p><strong>XY<\/strong>: Inscrits dans un rep\u00e8re abscisse\/ordonn\u00e9e (X\/Y), dff\u00e9rents plans se juxtaposent.<br>\nPoint de d\u00e9part dans le rep\u00e8re: le n\u00e9on spiral\u00e9 de couleur verte.<br>En plus d\u2019\u00eatre esth\u00e9tique, la spirale se d\u00e9veloppe \u00e0 partir du point d\u2019origine (le centre X\/Y), elle initie une progression cyclique par l\u2019\u00e9vocation de son simple principe de rotation.<br>Il s\u2019agit tout simplement de symboliser une cr\u00e9ation qui va se renouveler sans cesse.<br>\nUne seconde lecture nous fait d\u00e9couvrir les diff\u00e9rents points de l\u2019ensemble du plan.<br>Certains sont des perpendiculaires aux axes -X,X,-Y,Y, d\u2019autres sont d\u00e9- sign\u00e9s comme points de constitution infinie de l\u2019abscisse X, certains se retrouveront sur l\u2019axe de la spirale.<br>\nLe spectateur sera ensuite invit\u00e9 \u00e0 observer une courbe orange qui s\u2019agite. Elle est inscrite dans le segment -X\/X, visiblement entre les deux points en rouge.<br>Avec son point de d\u00e9part en -X, cette courbe rejoint de gauche \u00e0 droite tout les points cr\u00e9\u00e9s dans le plan.<br>\nDans chaque liaison \u00e0 son point, un moteur 24v effectue une rotation de 360\u00b0 ou de &#8211; 360\u00b0 dans le but de cr\u00e9er un mouvement, une gestuelle \u00e0 la courbe. Ils assurent par leurs allumages singuliers et al\u00e9atoires, une entit\u00e9, un d\u00e9sordre de la courbe. Ses mouvements sont d\u00e9sordonn\u00e9s, contrast\u00e9s par la rigueur des plans et axes X\/Y.<br>\nLa courbe est azimut\u00e9e, elle cherche \u00e0 s\u2019int\u00e9grer dans le plan, chacun de ses mouvements donnant une potentielle solution imm\u00e9diatement reprise par une autre proposition.<br>Le cliquetis des moteurs entendus lors des connexions \u00e9lectriques, \u00e9voquent le bruit \u00e9manant de nos clavier ou d\u2019une machine \u00e0 \u00e9crire. Comme si nous entendions l\u2019\u00e9criture d\u2019une solution avec et sans \u00e9volution.<\/p>\n","protected":false},"excerpt":{"rendered":"<p>\u2026<\/p>\n","protected":false},"author":1,"featured_media":0,"parent":0,"menu_order":0,"comment_status":"closed","ping_status":"closed","template":"","meta":{"footnotes":""},"class_list":["post-7455","page","type-page","status-publish","hentry","post"],"_links":{"self":[{"href":"https:\/\/loicpantaly.com\/index.php\/wp-json\/wp\/v2\/pages\/7455","targetHints":{"allow":["GET"]}}],"collection":[{"href":"https:\/\/loicpantaly.com\/index.php\/wp-json\/wp\/v2\/pages"}],"about":[{"href":"https:\/\/loicpantaly.com\/index.php\/wp-json\/wp\/v2\/types\/page"}],"author":[{"embeddable":true,"href":"https:\/\/loicpantaly.com\/index.php\/wp-json\/wp\/v2\/users\/1"}],"replies":[{"embeddable":true,"href":"https:\/\/loicpantaly.com\/index.php\/wp-json\/wp\/v2\/comments?post=7455"}],"version-history":[{"count":18,"href":"https:\/\/loicpantaly.com\/index.php\/wp-json\/wp\/v2\/pages\/7455\/revisions"}],"predecessor-version":[{"id":7577,"href":"https:\/\/loicpantaly.com\/index.php\/wp-json\/wp\/v2\/pages\/7455\/revisions\/7577"}],"wp:attachment":[{"href":"https:\/\/loicpantaly.com\/index.php\/wp-json\/wp\/v2\/media?parent=7455"}],"curies":[{"name":"wp","href":"https:\/\/api.w.org\/{rel}","templated":true}]}}