{"id":7458,"date":"2021-09-13T11:50:31","date_gmt":"2021-09-13T11:50:31","guid":{"rendered":"http:\/\/loicpantaly.com\/?page_id=7458"},"modified":"2021-12-06T18:20:32","modified_gmt":"2021-12-06T18:20:32","slug":"potentielles","status":"publish","type":"page","link":"https:\/\/loicpantaly.com\/index.php\/potentielles\/","title":{"rendered":"&lsquo;Potentielle(s)"},"content":{"rendered":"\n<div class=\"wp-block-image\"><figure class=\"aligncenter size-full is-resized\"><img loading=\"lazy\" decoding=\"async\" src=\"http:\/\/loicpantaly.com\/wp-content\/uploads\/2021\/10\/LOGO-potentielle.gif\" alt=\"\" class=\"wp-image-7670\" width=\"409\" height=\"327\"\/><\/figure><\/div>\n\n\n\n<p>Les \u2018potentielle(s) de Lo\u00efc Pantaly se d\u00e9ploient sur la longueur du mur et engendrent une succession d\u2019effets m\u00e9caniques et parfois sonores.<br> L\u00e0 encore il est question d\u2019un bricolage empirique o\u00f9 les composants de l\u2019\u0153uvre, souvent soustraits \u00e0 des sculptures ant\u00e9rieures, s\u2019associent en une machinerie aussi ing\u00e9nieuse qu\u2019absurde.<br>Des rapports de la Pataphysique, Lo\u00efc Pantaly retient le symbolisme et le non-sens, mais donne \u00e0 l\u2019ordre une importance consid\u00e9rable. Par le moteur et la technique, il tente de contr\u00f4ler le hasard en le mettant en \u00e9quation.<\/p>\n\n\n\n<div class=\"wp-block-columns is-layout-flex wp-container-core-columns-is-layout-9d6595d7 wp-block-columns-is-layout-flex\">\n<div class=\"wp-block-column is-layout-flow wp-block-column-is-layout-flow\" style=\"flex-basis:100%\">\n<div class=\"wp-block-group\"><div class=\"wp-block-group__inner-container is-layout-flow wp-block-group-is-layout-flow\">\n<div class=\"wp-block-columns is-layout-flex wp-container-core-columns-is-layout-9d6595d7 wp-block-columns-is-layout-flex\">\n<div class=\"wp-block-column is-layout-flow wp-block-column-is-layout-flow\" style=\"flex-basis:100%\">\n<div class=\"wp-block-group\"><div class=\"wp-block-group__inner-container is-layout-flow wp-block-group-is-layout-flow\">\n<div class=\"wp-block-envira-envira-gallery\"><div id=\"envira-gallery-wrap-7704\" class=\"envira-gallery-wrap envira-gallery-theme-base envira-lightbox-theme-base\" itemscope itemtype=\"https:\/\/schema.org\/ImageGallery\"><div style=\"opacity: 0.0\"  data-row-height=\"150\" data-gallery-theme=\"normal\" id=\"envira-gallery-7704\" class=\"envira-gallery-public envira-gallery-justified-public envira-gallery-0-columns envira-clear enviratope envira-gallery-css-animations\" data-envira-columns=\"0\"><div id=\"envira-gallery-item-7695\" class=\"envira-gallery-item enviratope-item envira-gallery-item-1 envira-lazy-load\" style=\"padding-left: 1px; padding-bottom: 1px; padding-right: 1px;\"  itemscope itemtype=\"https:\/\/schema.org\/ImageObject\"><div class=\"envira-gallery-item-inner\"><div class=\"envira-gallery-position-overlay  envira-gallery-top-left\"><\/div><div class=\"envira-gallery-position-overlay  envira-gallery-top-right\"><\/div><div class=\"envira-gallery-position-overlay  envira-gallery-bottom-left\"><\/div><div class=\"envira-gallery-position-overlay  envira-gallery-bottom-right\"><\/div><a href=\"http:\/\/loicpantaly.com\/wp-content\/uploads\/2021\/12\/NEMESIS3.jpeg\" class=\"envira-gallery-7704 envira-gallery-link\" rel=\"enviragallery7704\" title=\"NEMESIS3\" data-envira-caption=\"NEMESIS3\" data-envira-retina=\"\" data-thumbnail=\"\"  itemprop=\"contentUrl\"><img decoding=\"async\" id=\"envira-gallery-image-7695\" class=\"envira-gallery-image envira-gallery-image-1 envira-normal envira-lazy\" data-envira-index=\"1\" src=\"https:\/\/loicpantaly.com\/wp-content\/uploads\/2021\/12\/NEMESIS3-682x1024-640x480.jpeg\" data-envira-src=\"https:\/\/loicpantaly.com\/wp-content\/uploads\/2021\/12\/NEMESIS3-682x1024-640x480.jpeg\" data-envira-gallery-id=\"7704\" data-envira-item-id=\"7695\" data-envira-caption=\"NEMESIS3\" alt=\"\" title=\"NEMESIS3\"  itemprop=\"thumbnailUrl\" data-envira-srcset=\"https:\/\/loicpantaly.com\/wp-content\/uploads\/2021\/12\/NEMESIS3-682x1024-640x480.jpeg 400w,https:\/\/loicpantaly.com\/wp-content\/uploads\/2021\/12\/NEMESIS3-682x1024-640x480.jpeg 2x\" data-envira-width=\"200\" data-envira-height=\"300\" srcset=\"data:image\/gif;base64,R0lGODlhAQABAIAAAP\/\/\/\/\/\/\/yH5BAEKAAEALAAAAAABAAEAAAICTAEAOw==\" data-safe-src=\"data:image\/gif;base64,R0lGODlhAQABAIAAAP\/\/\/\/\/\/\/yH5BAEKAAEALAAAAAABAAEAAAICTAEAOw==\" \/><\/a><\/div><\/div><div id=\"envira-gallery-item-7697\" class=\"envira-gallery-item enviratope-item envira-gallery-item-2 envira-lazy-load\" style=\"padding-left: 1px; padding-bottom: 1px; padding-right: 1px;\"  itemscope itemtype=\"https:\/\/schema.org\/ImageObject\"><div class=\"envira-gallery-item-inner\"><div class=\"envira-gallery-position-overlay  envira-gallery-top-left\"><\/div><div class=\"envira-gallery-position-overlay  envira-gallery-top-right\"><\/div><div class=\"envira-gallery-position-overlay  envira-gallery-bottom-left\"><\/div><div class=\"envira-gallery-position-overlay  envira-gallery-bottom-right\"><\/div><a href=\"http:\/\/loicpantaly.com\/wp-content\/uploads\/2021\/12\/potentielles1-scaled.jpg\" class=\"envira-gallery-7704 envira-gallery-link\" rel=\"enviragallery7704\" title=\"potentielles1\" data-envira-caption=\"potentielles1\" data-envira-retina=\"\" data-thumbnail=\"\"  itemprop=\"contentUrl\"><img decoding=\"async\" id=\"envira-gallery-image-7697\" class=\"envira-gallery-image envira-gallery-image-2 envira-normal envira-lazy\" data-envira-index=\"2\" src=\"https:\/\/loicpantaly.com\/wp-content\/uploads\/2021\/12\/potentielles1-1024x768-640x480.jpg\" data-envira-src=\"https:\/\/loicpantaly.com\/wp-content\/uploads\/2021\/12\/potentielles1-1024x768-640x480.jpg\" data-envira-gallery-id=\"7704\" data-envira-item-id=\"7697\" data-envira-caption=\"potentielles1\" alt=\"\" title=\"potentielles1\"  itemprop=\"thumbnailUrl\" data-envira-srcset=\"https:\/\/loicpantaly.com\/wp-content\/uploads\/2021\/12\/potentielles1-1024x768-640x480.jpg 400w,https:\/\/loicpantaly.com\/wp-content\/uploads\/2021\/12\/potentielles1-1024x768-640x480.jpg 2x\" data-envira-width=\"300\" data-envira-height=\"225\" srcset=\"data:image\/gif;base64,R0lGODlhAQABAIAAAP\/\/\/\/\/\/\/yH5BAEKAAEALAAAAAABAAEAAAICTAEAOw==\" data-safe-src=\"data:image\/gif;base64,R0lGODlhAQABAIAAAP\/\/\/\/\/\/\/yH5BAEKAAEALAAAAAABAAEAAAICTAEAOw==\" \/><\/a><\/div><\/div><div id=\"envira-gallery-item-7698\" class=\"envira-gallery-item enviratope-item envira-gallery-item-3 envira-lazy-load\" style=\"padding-left: 1px; padding-bottom: 1px; padding-right: 1px;\"  itemscope itemtype=\"https:\/\/schema.org\/ImageObject\"><div class=\"envira-gallery-item-inner\"><div class=\"envira-gallery-position-overlay  envira-gallery-top-left\"><\/div><div class=\"envira-gallery-position-overlay  envira-gallery-top-right\"><\/div><div class=\"envira-gallery-position-overlay  envira-gallery-bottom-left\"><\/div><div class=\"envira-gallery-position-overlay  envira-gallery-bottom-right\"><\/div><a href=\"http:\/\/loicpantaly.com\/wp-content\/uploads\/2021\/12\/potentielles2-scaled.jpg\" class=\"envira-gallery-7704 envira-gallery-link\" rel=\"enviragallery7704\" title=\"potentielles2\" data-envira-caption=\"potentielles2\" data-envira-retina=\"\" data-thumbnail=\"\"  itemprop=\"contentUrl\"><img decoding=\"async\" id=\"envira-gallery-image-7698\" class=\"envira-gallery-image envira-gallery-image-3 envira-normal envira-lazy\" data-envira-index=\"3\" src=\"https:\/\/loicpantaly.com\/wp-content\/uploads\/2021\/12\/potentielles2-1024x768-640x480.jpg\" data-envira-src=\"https:\/\/loicpantaly.com\/wp-content\/uploads\/2021\/12\/potentielles2-1024x768-640x480.jpg\" data-envira-gallery-id=\"7704\" data-envira-item-id=\"7698\" data-envira-caption=\"potentielles2\" alt=\"\" title=\"potentielles2\"  itemprop=\"thumbnailUrl\" data-envira-srcset=\"https:\/\/loicpantaly.com\/wp-content\/uploads\/2021\/12\/potentielles2-1024x768-640x480.jpg 400w,https:\/\/loicpantaly.com\/wp-content\/uploads\/2021\/12\/potentielles2-1024x768-640x480.jpg 2x\" data-envira-width=\"300\" data-envira-height=\"225\" srcset=\"data:image\/gif;base64,R0lGODlhAQABAIAAAP\/\/\/\/\/\/\/yH5BAEKAAEALAAAAAABAAEAAAICTAEAOw==\" data-safe-src=\"data:image\/gif;base64,R0lGODlhAQABAIAAAP\/\/\/\/\/\/\/yH5BAEKAAEALAAAAAABAAEAAAICTAEAOw==\" \/><\/a><\/div><\/div><div id=\"envira-gallery-item-7699\" class=\"envira-gallery-item enviratope-item envira-gallery-item-4 envira-lazy-load\" style=\"padding-left: 1px; padding-bottom: 1px; padding-right: 1px;\"  itemscope itemtype=\"https:\/\/schema.org\/ImageObject\"><div class=\"envira-gallery-item-inner\"><div class=\"envira-gallery-position-overlay  envira-gallery-top-left\"><\/div><div class=\"envira-gallery-position-overlay  envira-gallery-top-right\"><\/div><div class=\"envira-gallery-position-overlay  envira-gallery-bottom-left\"><\/div><div class=\"envira-gallery-position-overlay  envira-gallery-bottom-right\"><\/div><a href=\"http:\/\/loicpantaly.com\/wp-content\/uploads\/2021\/12\/potentielles4-scaled.jpg\" class=\"envira-gallery-7704 envira-gallery-link\" rel=\"enviragallery7704\" title=\"potentielles4\" data-envira-caption=\"potentielles4\" data-envira-retina=\"\" data-thumbnail=\"\"  itemprop=\"contentUrl\"><img decoding=\"async\" id=\"envira-gallery-image-7699\" class=\"envira-gallery-image envira-gallery-image-4 envira-normal envira-lazy\" data-envira-index=\"4\" src=\"https:\/\/loicpantaly.com\/wp-content\/uploads\/2021\/12\/potentielles4-1024x829-640x480.jpg\" data-envira-src=\"https:\/\/loicpantaly.com\/wp-content\/uploads\/2021\/12\/potentielles4-1024x829-640x480.jpg\" data-envira-gallery-id=\"7704\" data-envira-item-id=\"7699\" data-envira-caption=\"potentielles4\" alt=\"\" title=\"potentielles4\"  itemprop=\"thumbnailUrl\" data-envira-srcset=\"https:\/\/loicpantaly.com\/wp-content\/uploads\/2021\/12\/potentielles4-1024x829-640x480.jpg 400w,https:\/\/loicpantaly.com\/wp-content\/uploads\/2021\/12\/potentielles4-1024x829-640x480.jpg 2x\" data-envira-width=\"300\" data-envira-height=\"243\" srcset=\"data:image\/gif;base64,R0lGODlhAQABAIAAAP\/\/\/\/\/\/\/yH5BAEKAAEALAAAAAABAAEAAAICTAEAOw==\" data-safe-src=\"data:image\/gif;base64,R0lGODlhAQABAIAAAP\/\/\/\/\/\/\/yH5BAEKAAEALAAAAAABAAEAAAICTAEAOw==\" \/><\/a><\/div><\/div><div id=\"envira-gallery-item-7700\" class=\"envira-gallery-item enviratope-item envira-gallery-item-5 envira-lazy-load\" style=\"padding-left: 1px; padding-bottom: 1px; padding-right: 1px;\"  itemscope itemtype=\"https:\/\/schema.org\/ImageObject\"><div class=\"envira-gallery-item-inner\"><div class=\"envira-gallery-position-overlay  envira-gallery-top-left\"><\/div><div class=\"envira-gallery-position-overlay  envira-gallery-top-right\"><\/div><div class=\"envira-gallery-position-overlay  envira-gallery-bottom-left\"><\/div><div class=\"envira-gallery-position-overlay  envira-gallery-bottom-right\"><\/div><a href=\"http:\/\/loicpantaly.com\/wp-content\/uploads\/2021\/12\/potentielles6-scaled.jpg\" class=\"envira-gallery-7704 envira-gallery-link\" rel=\"enviragallery7704\" title=\"potentielles6\" data-envira-caption=\"potentielles6\" data-envira-retina=\"\" data-thumbnail=\"\"  itemprop=\"contentUrl\"><img decoding=\"async\" id=\"envira-gallery-image-7700\" class=\"envira-gallery-image envira-gallery-image-5 envira-normal envira-lazy\" data-envira-index=\"5\" src=\"https:\/\/loicpantaly.com\/wp-content\/uploads\/2021\/12\/potentielles6-1024x768-640x480.jpg\" data-envira-src=\"https:\/\/loicpantaly.com\/wp-content\/uploads\/2021\/12\/potentielles6-1024x768-640x480.jpg\" data-envira-gallery-id=\"7704\" data-envira-item-id=\"7700\" data-envira-caption=\"potentielles6\" alt=\"\" title=\"potentielles6\"  itemprop=\"thumbnailUrl\" data-envira-srcset=\"https:\/\/loicpantaly.com\/wp-content\/uploads\/2021\/12\/potentielles6-1024x768-640x480.jpg 400w,https:\/\/loicpantaly.com\/wp-content\/uploads\/2021\/12\/potentielles6-1024x768-640x480.jpg 2x\" data-envira-width=\"300\" data-envira-height=\"225\" srcset=\"data:image\/gif;base64,R0lGODlhAQABAIAAAP\/\/\/\/\/\/\/yH5BAEKAAEALAAAAAABAAEAAAICTAEAOw==\" data-safe-src=\"data:image\/gif;base64,R0lGODlhAQABAIAAAP\/\/\/\/\/\/\/yH5BAEKAAEALAAAAAABAAEAAAICTAEAOw==\" \/><\/a><\/div><\/div><div id=\"envira-gallery-item-7701\" class=\"envira-gallery-item enviratope-item envira-gallery-item-6 envira-lazy-load\" style=\"padding-left: 1px; padding-bottom: 1px; padding-right: 1px;\"  itemscope itemtype=\"https:\/\/schema.org\/ImageObject\"><div class=\"envira-gallery-item-inner\"><div class=\"envira-gallery-position-overlay  envira-gallery-top-left\"><\/div><div class=\"envira-gallery-position-overlay  envira-gallery-top-right\"><\/div><div class=\"envira-gallery-position-overlay  envira-gallery-bottom-left\"><\/div><div class=\"envira-gallery-position-overlay  envira-gallery-bottom-right\"><\/div><a href=\"http:\/\/loicpantaly.com\/wp-content\/uploads\/2021\/12\/potentielles9.jpg\" class=\"envira-gallery-7704 envira-gallery-link\" rel=\"enviragallery7704\" title=\"potentielles9\" data-envira-caption=\"potentielles9\" data-envira-retina=\"\" data-thumbnail=\"\"  itemprop=\"contentUrl\"><img decoding=\"async\" id=\"envira-gallery-image-7701\" class=\"envira-gallery-image envira-gallery-image-6 envira-normal envira-lazy\" data-envira-index=\"6\" src=\"https:\/\/loicpantaly.com\/wp-content\/uploads\/2021\/12\/potentielles9-997x1024-640x480.jpg\" data-envira-src=\"https:\/\/loicpantaly.com\/wp-content\/uploads\/2021\/12\/potentielles9-997x1024-640x480.jpg\" data-envira-gallery-id=\"7704\" data-envira-item-id=\"7701\" data-envira-caption=\"potentielles9\" alt=\"\" title=\"potentielles9\"  itemprop=\"thumbnailUrl\" data-envira-srcset=\"https:\/\/loicpantaly.com\/wp-content\/uploads\/2021\/12\/potentielles9-997x1024-640x480.jpg 400w,https:\/\/loicpantaly.com\/wp-content\/uploads\/2021\/12\/potentielles9-997x1024-640x480.jpg 2x\" data-envira-width=\"292\" data-envira-height=\"300\" srcset=\"data:image\/gif;base64,R0lGODlhAQABAIAAAP\/\/\/\/\/\/\/yH5BAEKAAEALAAAAAABAAEAAAICTAEAOw==\" data-safe-src=\"data:image\/gif;base64,R0lGODlhAQABAIAAAP\/\/\/\/\/\/\/yH5BAEKAAEALAAAAAABAAEAAAICTAEAOw==\" \/><\/a><\/div><\/div><div id=\"envira-gallery-item-7702\" class=\"envira-gallery-item enviratope-item envira-gallery-item-7 envira-lazy-load\" style=\"padding-left: 1px; padding-bottom: 1px; padding-right: 1px;\"  itemscope itemtype=\"https:\/\/schema.org\/ImageObject\"><div class=\"envira-gallery-item-inner\"><div class=\"envira-gallery-position-overlay  envira-gallery-top-left\"><\/div><div class=\"envira-gallery-position-overlay  envira-gallery-top-right\"><\/div><div class=\"envira-gallery-position-overlay  envira-gallery-bottom-left\"><\/div><div class=\"envira-gallery-position-overlay  envira-gallery-bottom-right\"><\/div><a href=\"http:\/\/loicpantaly.com\/wp-content\/uploads\/2021\/12\/potentielles13-scaled.jpg\" class=\"envira-gallery-7704 envira-gallery-link\" rel=\"enviragallery7704\" title=\"potentielles13\" data-envira-caption=\"potentielles13\" data-envira-retina=\"\" data-thumbnail=\"\"  itemprop=\"contentUrl\"><img decoding=\"async\" id=\"envira-gallery-image-7702\" class=\"envira-gallery-image envira-gallery-image-7 envira-normal envira-lazy\" data-envira-index=\"7\" src=\"https:\/\/loicpantaly.com\/wp-content\/uploads\/2021\/12\/potentielles13-825x1024-640x480.jpg\" data-envira-src=\"https:\/\/loicpantaly.com\/wp-content\/uploads\/2021\/12\/potentielles13-825x1024-640x480.jpg\" data-envira-gallery-id=\"7704\" data-envira-item-id=\"7702\" data-envira-caption=\"potentielles13\" alt=\"\" title=\"potentielles13\"  itemprop=\"thumbnailUrl\" data-envira-srcset=\"https:\/\/loicpantaly.com\/wp-content\/uploads\/2021\/12\/potentielles13-825x1024-640x480.jpg 400w,https:\/\/loicpantaly.com\/wp-content\/uploads\/2021\/12\/potentielles13-825x1024-640x480.jpg 2x\" data-envira-width=\"242\" data-envira-height=\"300\" srcset=\"data:image\/gif;base64,R0lGODlhAQABAIAAAP\/\/\/\/\/\/\/yH5BAEKAAEALAAAAAABAAEAAAICTAEAOw==\" data-safe-src=\"data:image\/gif;base64,R0lGODlhAQABAIAAAP\/\/\/\/\/\/\/yH5BAEKAAEALAAAAAABAAEAAAICTAEAOw==\" \/><\/a><\/div><\/div><div id=\"envira-gallery-item-7703\" class=\"envira-gallery-item enviratope-item envira-gallery-item-8 envira-lazy-load\" style=\"padding-left: 1px; padding-bottom: 1px; padding-right: 1px;\"  itemscope itemtype=\"https:\/\/schema.org\/ImageObject\"><div class=\"envira-gallery-item-inner\"><div class=\"envira-gallery-position-overlay  envira-gallery-top-left\"><\/div><div class=\"envira-gallery-position-overlay  envira-gallery-top-right\"><\/div><div class=\"envira-gallery-position-overlay  envira-gallery-bottom-left\"><\/div><div class=\"envira-gallery-position-overlay  envira-gallery-bottom-right\"><\/div><a href=\"http:\/\/loicpantaly.com\/wp-content\/uploads\/2021\/12\/potentielles13-de\u0301tails.jpg\" class=\"envira-gallery-7704 envira-gallery-link\" rel=\"enviragallery7704\" title=\"potentielles6-de\u0301tails\" data-envira-caption=\"potentielles6-de\u0301tails\" data-envira-retina=\"\" data-thumbnail=\"\"  itemprop=\"contentUrl\"><img decoding=\"async\" id=\"envira-gallery-image-7703\" class=\"envira-gallery-image envira-gallery-image-8 envira-normal envira-lazy\" data-envira-index=\"8\" src=\"https:\/\/loicpantaly.com\/wp-content\/uploads\/2021\/12\/potentielles13-de\u0301tails-1024x819-640x480.jpg\" data-envira-src=\"https:\/\/loicpantaly.com\/wp-content\/uploads\/2021\/12\/potentielles13-de\u0301tails-1024x819-640x480.jpg\" data-envira-gallery-id=\"7704\" data-envira-item-id=\"7703\" data-envira-caption=\"potentielles6-de\u0301tails\" alt=\"\" title=\"potentielles6-de\u0301tails\"  itemprop=\"thumbnailUrl\" data-envira-srcset=\"https:\/\/loicpantaly.com\/wp-content\/uploads\/2021\/12\/potentielles13-de\u0301tails-1024x819-640x480.jpg 400w,https:\/\/loicpantaly.com\/wp-content\/uploads\/2021\/12\/potentielles13-de\u0301tails-1024x819-640x480.jpg 2x\" data-envira-width=\"300\" data-envira-height=\"240\" srcset=\"data:image\/gif;base64,R0lGODlhAQABAIAAAP\/\/\/\/\/\/\/yH5BAEKAAEALAAAAAABAAEAAAICTAEAOw==\" data-safe-src=\"data:image\/gif;base64,R0lGODlhAQABAIAAAP\/\/\/\/\/\/\/yH5BAEKAAEALAAAAAABAAEAAAICTAEAOw==\" \/><\/a><\/div><\/div><div id=\"envira-gallery-item-7707\" class=\"envira-gallery-item enviratope-item envira-gallery-item-9 envira-lazy-load\" style=\"padding-left: 1px; padding-bottom: 1px; padding-right: 1px;\"  itemscope itemtype=\"https:\/\/schema.org\/ImageObject\"><div class=\"envira-gallery-item-inner\"><div class=\"envira-gallery-position-overlay  envira-gallery-top-left\"><\/div><div class=\"envira-gallery-position-overlay  envira-gallery-top-right\"><\/div><div class=\"envira-gallery-position-overlay  envira-gallery-bottom-left\"><\/div><div class=\"envira-gallery-position-overlay  envira-gallery-bottom-right\"><\/div><a href=\"http:\/\/loicpantaly.com\/wp-content\/uploads\/2021\/12\/potentielles6-1.jpg\" class=\"envira-gallery-7704 envira-gallery-link\" rel=\"enviragallery7704\" title=\"potentielles6-1\" data-envira-caption=\"potentielles6-1\" data-envira-retina=\"\" data-thumbnail=\"\"  itemprop=\"contentUrl\"><img decoding=\"async\" id=\"envira-gallery-image-7707\" class=\"envira-gallery-image envira-gallery-image-9 envira-normal envira-lazy\" data-envira-index=\"9\" src=\"https:\/\/loicpantaly.com\/wp-content\/uploads\/2021\/12\/potentielles6-1-1024x819-640x480.jpg\" data-envira-src=\"https:\/\/loicpantaly.com\/wp-content\/uploads\/2021\/12\/potentielles6-1-1024x819-640x480.jpg\" data-envira-gallery-id=\"7704\" data-envira-item-id=\"7707\" data-envira-caption=\"potentielles6-1\" alt=\"\" title=\"potentielles6-1\"  itemprop=\"thumbnailUrl\" data-envira-srcset=\"https:\/\/loicpantaly.com\/wp-content\/uploads\/2021\/12\/potentielles6-1-1024x819-640x480.jpg 400w,https:\/\/loicpantaly.com\/wp-content\/uploads\/2021\/12\/potentielles6-1-1024x819-640x480.jpg 2x\" data-envira-width=\"300\" data-envira-height=\"240\" srcset=\"data:image\/gif;base64,R0lGODlhAQABAIAAAP\/\/\/\/\/\/\/yH5BAEKAAEALAAAAAABAAEAAAICTAEAOw==\" data-safe-src=\"data:image\/gif;base64,R0lGODlhAQABAIAAAP\/\/\/\/\/\/\/yH5BAEKAAEALAAAAAABAAEAAAICTAEAOw==\" \/><\/a><\/div><\/div><\/div><\/div><noscript><img decoding=\"async\" src=\"https:\/\/loicpantaly.com\/wp-content\/uploads\/2021\/12\/NEMESIS3.jpeg\" alt=\"\" \/><img decoding=\"async\" src=\"https:\/\/loicpantaly.com\/wp-content\/uploads\/2021\/12\/potentielles1-scaled.jpg\" alt=\"\" \/><img decoding=\"async\" src=\"https:\/\/loicpantaly.com\/wp-content\/uploads\/2021\/12\/potentielles2-scaled.jpg\" alt=\"\" \/><img decoding=\"async\" src=\"https:\/\/loicpantaly.com\/wp-content\/uploads\/2021\/12\/potentielles4-scaled.jpg\" alt=\"\" \/><img decoding=\"async\" src=\"https:\/\/loicpantaly.com\/wp-content\/uploads\/2021\/12\/potentielles6-scaled.jpg\" alt=\"\" \/><img decoding=\"async\" src=\"https:\/\/loicpantaly.com\/wp-content\/uploads\/2021\/12\/potentielles9.jpg\" alt=\"\" \/><img decoding=\"async\" src=\"https:\/\/loicpantaly.com\/wp-content\/uploads\/2021\/12\/potentielles13-scaled.jpg\" alt=\"\" \/><img decoding=\"async\" src=\"https:\/\/loicpantaly.com\/wp-content\/uploads\/2021\/12\/potentielles13-de\u0301tails.jpg\" alt=\"\" \/><img decoding=\"async\" src=\"https:\/\/loicpantaly.com\/wp-content\/uploads\/2021\/12\/potentielles6-1.jpg\" alt=\"\" \/><\/noscript><\/div>\n<\/div><\/div>\n<\/div>\n<\/div>\n<\/div><\/div>\n<\/div>\n<\/div>\n\n\n\n<p>   <\/p>\n\n\n\n<figure class=\"wp-block-video\"><video height=\"1080\" style=\"aspect-ratio: 1920 \/ 1080;\" width=\"1920\" controls src=\"http:\/\/loicpantaly.com\/wp-content\/uploads\/2021\/10\/038.mov\"><\/video><\/figure>\n","protected":false},"excerpt":{"rendered":"<p>\u2026<\/p>\n","protected":false},"author":1,"featured_media":0,"parent":0,"menu_order":0,"comment_status":"closed","ping_status":"closed","template":"","meta":{"footnotes":""},"class_list":["post-7458","page","type-page","status-publish","hentry","post"],"_links":{"self":[{"href":"https:\/\/loicpantaly.com\/index.php\/wp-json\/wp\/v2\/pages\/7458","targetHints":{"allow":["GET"]}}],"collection":[{"href":"https:\/\/loicpantaly.com\/index.php\/wp-json\/wp\/v2\/pages"}],"about":[{"href":"https:\/\/loicpantaly.com\/index.php\/wp-json\/wp\/v2\/types\/page"}],"author":[{"embeddable":true,"href":"https:\/\/loicpantaly.com\/index.php\/wp-json\/wp\/v2\/users\/1"}],"replies":[{"embeddable":true,"href":"https:\/\/loicpantaly.com\/index.php\/wp-json\/wp\/v2\/comments?post=7458"}],"version-history":[{"count":16,"href":"https:\/\/loicpantaly.com\/index.php\/wp-json\/wp\/v2\/pages\/7458\/revisions"}],"predecessor-version":[{"id":7708,"href":"https:\/\/loicpantaly.com\/index.php\/wp-json\/wp\/v2\/pages\/7458\/revisions\/7708"}],"wp:attachment":[{"href":"https:\/\/loicpantaly.com\/index.php\/wp-json\/wp\/v2\/media?parent=7458"}],"curies":[{"name":"wp","href":"https:\/\/api.w.org\/{rel}","templated":true}]}}