{"id":7461,"date":"2021-09-13T11:52:11","date_gmt":"2021-09-13T11:52:11","guid":{"rendered":"http:\/\/loicpantaly.com\/?page_id=7461"},"modified":"2022-03-29T02:42:04","modified_gmt":"2022-03-29T02:42:04","slug":"sscp-cnes-nuit-blanche","status":"publish","type":"page","link":"https:\/\/loicpantaly.com\/index.php\/sscp-cnes-nuit-blanche\/","title":{"rendered":"SSCP (CNES\/NUIT BLANCHE)"},"content":{"rendered":"\n<div class=\"wp-block-image\"><figure class=\"aligncenter size-full\"><img loading=\"lazy\" decoding=\"async\" width=\"400\" height=\"222\" src=\"http:\/\/loicpantaly.com\/wp-content\/uploads\/2022\/03\/SSCP-1.gif\" alt=\"\" class=\"wp-image-7715\"\/><\/figure><\/div>\n\n\n\n<p>Avec \u00ab Projet SSCP \u00bb, Lo\u00efc Pantaly poursuit ce travail et propose une installation entre archives v\u00e9ritables recompos\u00e9es et extrapolations plastiques. <\/p>\n\n\n\n<p>A l&rsquo;occasion de la Nuit Blanche 2018, Lo\u00efc Pantaly a eu l&rsquo;occasion de collaborer avec le Centre National d&rsquo;Etudes Spatiales de Paris. Pendant plusieurs mois, il a \u00e9t\u00e9 mis en relation avec des scientifiques et a eu l&rsquo;opportunit\u00e9 de travailler et donner r\u00e9flexions sur de v\u00e9ritables archives spatiales non connues du public.<\/p>\n\n\n\n<p>La mat\u00e9rialisation de ce processus de travail et de construction mentale est visible sur un croquis de 2 m\u00e8tres de long pour 1m50 de haut. Le spectateur ayant l&rsquo;occasion d&rsquo;y entrevoir des applications sur la conception d&rsquo;engins spatiaux pour colorier les plan\u00e8tes, mettre en orbite un attrape r\u00eave gigantesque, un arche de No\u00e9 intersid\u00e9ral, r\u00e9ussir \u00e0 nager dans l&rsquo;espace, faire de le lune une sculpture \u00e0 part enti\u00e8re, syst\u00e8me de communications etc&#8230;<\/p>\n\n\n\n<figure class=\"wp-block-image size-large\"><img loading=\"lazy\" decoding=\"async\" width=\"1024\" height=\"757\" src=\"http:\/\/loicpantaly.com\/wp-content\/uploads\/2022\/03\/SSCP-CNES-PANTALY-LOIC-SCHEMA-1024x757.jpg\" alt=\"\" class=\"wp-image-7730\" srcset=\"https:\/\/loicpantaly.com\/wp-content\/uploads\/2022\/03\/SSCP-CNES-PANTALY-LOIC-SCHEMA-1024x757.jpg 1024w, https:\/\/loicpantaly.com\/wp-content\/uploads\/2022\/03\/SSCP-CNES-PANTALY-LOIC-SCHEMA-300x222.jpg 300w, https:\/\/loicpantaly.com\/wp-content\/uploads\/2022\/03\/SSCP-CNES-PANTALY-LOIC-SCHEMA-768x568.jpg 768w, https:\/\/loicpantaly.com\/wp-content\/uploads\/2022\/03\/SSCP-CNES-PANTALY-LOIC-SCHEMA-1600x1183.jpg 1600w, https:\/\/loicpantaly.com\/wp-content\/uploads\/2022\/03\/SSCP-CNES-PANTALY-LOIC-SCHEMA-1536x1135.jpg 1536w, https:\/\/loicpantaly.com\/wp-content\/uploads\/2022\/03\/SSCP-CNES-PANTALY-LOIC-SCHEMA-2048x1514.jpg 2048w\" sizes=\"auto, (max-width: 1024px) 100vw, 1024px\" \/><\/figure>\n\n\n\n<p>La r\u00e9sultante de ce sch\u00e9ma de recherches, de ses id\u00e9es empiriques reli\u00e9es par leurs extrapolations communes, est la sonde I.R.I.S. Sonde con\u00e7ue et &lsquo;potentiellement active pour cr\u00e9er de l&rsquo;arc en ciel dans l&rsquo;espace.<\/p>\n\n\n\n<figure class=\"wp-block-image size-large\"><img loading=\"lazy\" decoding=\"async\" width=\"1024\" height=\"802\" src=\"http:\/\/loicpantaly.com\/wp-content\/uploads\/2022\/03\/PANTALY-LOIC-ABATTOIRS-FRAC-recadree-1024x802.jpg\" alt=\"\" class=\"wp-image-7726\" srcset=\"https:\/\/loicpantaly.com\/wp-content\/uploads\/2022\/03\/PANTALY-LOIC-ABATTOIRS-FRAC-recadree-1024x802.jpg 1024w, https:\/\/loicpantaly.com\/wp-content\/uploads\/2022\/03\/PANTALY-LOIC-ABATTOIRS-FRAC-recadree-300x235.jpg 300w, https:\/\/loicpantaly.com\/wp-content\/uploads\/2022\/03\/PANTALY-LOIC-ABATTOIRS-FRAC-recadree-768x602.jpg 768w, https:\/\/loicpantaly.com\/wp-content\/uploads\/2022\/03\/PANTALY-LOIC-ABATTOIRS-FRAC-recadree-1600x1253.jpg 1600w, https:\/\/loicpantaly.com\/wp-content\/uploads\/2022\/03\/PANTALY-LOIC-ABATTOIRS-FRAC-recadree-1536x1203.jpg 1536w, https:\/\/loicpantaly.com\/wp-content\/uploads\/2022\/03\/PANTALY-LOIC-ABATTOIRS-FRAC-recadree-2048x1604.jpg 2048w\" sizes=\"auto, (max-width: 1024px) 100vw, 1024px\" \/><\/figure>\n\n\n\n<div class=\"wp-block-envira-envira-gallery\"><div id=\"envira-gallery-wrap-7733\" class=\"envira-gallery-wrap envira-gallery-theme-base envira-lightbox-theme-base\" itemscope itemtype=\"https:\/\/schema.org\/ImageGallery\"><div style=\"opacity: 0.0\"  data-row-height=\"150\" data-gallery-theme=\"normal\" id=\"envira-gallery-7733\" class=\"envira-gallery-public envira-gallery-justified-public envira-gallery-0-columns envira-clear enviratope envira-gallery-css-animations\" data-envira-columns=\"0\"><div id=\"envira-gallery-item-7731\" class=\"envira-gallery-item enviratope-item envira-gallery-item-1 envira-lazy-load\" style=\"padding-left: 1px; padding-bottom: 1px; padding-right: 1px;\"  itemscope itemtype=\"https:\/\/schema.org\/ImageObject\"><div class=\"envira-gallery-item-inner\"><div class=\"envira-gallery-position-overlay  envira-gallery-top-left\"><\/div><div class=\"envira-gallery-position-overlay  envira-gallery-top-right\"><\/div><div class=\"envira-gallery-position-overlay  envira-gallery-bottom-left\"><\/div><div class=\"envira-gallery-position-overlay  envira-gallery-bottom-right\"><\/div><a href=\"http:\/\/loicpantaly.com\/wp-content\/uploads\/2022\/03\/SSCP-CNES-PANTALY-LOIC-scaled.jpg\" class=\"envira-gallery-7733 envira-gallery-link\" rel=\"enviragallery7733\" title=\"LOIC PANTALY DOSSIER petit.compressed.pdf\" data-envira-caption=\"LOIC PANTALY DOSSIER petit.compressed.pdf\" data-envira-retina=\"\" data-thumbnail=\"\"  itemprop=\"contentUrl\"><img decoding=\"async\" id=\"envira-gallery-image-7731\" class=\"envira-gallery-image envira-gallery-image-1 envira-normal envira-lazy\" data-envira-index=\"1\" src=\"https:\/\/loicpantaly.com\/wp-content\/uploads\/2022\/03\/SSCP-CNES-PANTALY-LOIC-1024x724-640x480.jpg\" data-envira-src=\"https:\/\/loicpantaly.com\/wp-content\/uploads\/2022\/03\/SSCP-CNES-PANTALY-LOIC-1024x724-640x480.jpg\" data-envira-gallery-id=\"7733\" data-envira-item-id=\"7731\" data-envira-caption=\"LOIC PANTALY DOSSIER petit.compressed.pdf\" alt=\"\" title=\"LOIC PANTALY DOSSIER petit.compressed.pdf\"  itemprop=\"thumbnailUrl\" data-envira-srcset=\"https:\/\/loicpantaly.com\/wp-content\/uploads\/2022\/03\/SSCP-CNES-PANTALY-LOIC-1024x724-640x480.jpg 400w,https:\/\/loicpantaly.com\/wp-content\/uploads\/2022\/03\/SSCP-CNES-PANTALY-LOIC-1024x724-640x480.jpg 2x\" data-envira-width=\"300\" data-envira-height=\"212\" srcset=\"data:image\/gif;base64,R0lGODlhAQABAIAAAP\/\/\/\/\/\/\/yH5BAEKAAEALAAAAAABAAEAAAICTAEAOw==\" data-safe-src=\"data:image\/gif;base64,R0lGODlhAQABAIAAAP\/\/\/\/\/\/\/yH5BAEKAAEALAAAAAABAAEAAAICTAEAOw==\" \/><\/a><\/div><\/div><div id=\"envira-gallery-item-7728\" class=\"envira-gallery-item enviratope-item envira-gallery-item-2 envira-lazy-load\" style=\"padding-left: 1px; padding-bottom: 1px; padding-right: 1px;\"  itemscope itemtype=\"https:\/\/schema.org\/ImageObject\"><div class=\"envira-gallery-item-inner\"><div class=\"envira-gallery-position-overlay  envira-gallery-top-left\"><\/div><div class=\"envira-gallery-position-overlay  envira-gallery-top-right\"><\/div><div class=\"envira-gallery-position-overlay  envira-gallery-bottom-left\"><\/div><div class=\"envira-gallery-position-overlay  envira-gallery-bottom-right\"><\/div><a href=\"http:\/\/loicpantaly.com\/wp-content\/uploads\/2022\/03\/dessin-IRIS-SONDE-PANTALY-LOIC.jpg\" class=\"envira-gallery-7733 envira-gallery-link\" rel=\"enviragallery7733\" title=\"LOIC PANTALY DOSSIER petit.compressed.pdf\" data-envira-caption=\"LOIC PANTALY DOSSIER petit.compressed.pdf\" data-envira-retina=\"\" data-thumbnail=\"\"  itemprop=\"contentUrl\"><img decoding=\"async\" id=\"envira-gallery-image-7728\" class=\"envira-gallery-image envira-gallery-image-2 envira-normal envira-lazy\" data-envira-index=\"2\" src=\"https:\/\/loicpantaly.com\/wp-content\/uploads\/2022\/03\/dessin-IRIS-SONDE-PANTALY-LOIC-733x1024-640x480.jpg\" data-envira-src=\"https:\/\/loicpantaly.com\/wp-content\/uploads\/2022\/03\/dessin-IRIS-SONDE-PANTALY-LOIC-733x1024-640x480.jpg\" data-envira-gallery-id=\"7733\" data-envira-item-id=\"7728\" data-envira-caption=\"LOIC PANTALY DOSSIER petit.compressed.pdf\" alt=\"\" title=\"LOIC PANTALY DOSSIER petit.compressed.pdf\"  itemprop=\"thumbnailUrl\" data-envira-srcset=\"https:\/\/loicpantaly.com\/wp-content\/uploads\/2022\/03\/dessin-IRIS-SONDE-PANTALY-LOIC-733x1024-640x480.jpg 400w,https:\/\/loicpantaly.com\/wp-content\/uploads\/2022\/03\/dessin-IRIS-SONDE-PANTALY-LOIC-733x1024-640x480.jpg 2x\" data-envira-width=\"215\" data-envira-height=\"300\" srcset=\"data:image\/gif;base64,R0lGODlhAQABAIAAAP\/\/\/\/\/\/\/yH5BAEKAAEALAAAAAABAAEAAAICTAEAOw==\" data-safe-src=\"data:image\/gif;base64,R0lGODlhAQABAIAAAP\/\/\/\/\/\/\/yH5BAEKAAEALAAAAAABAAEAAAICTAEAOw==\" \/><\/a><\/div><\/div><div id=\"envira-gallery-item-7727\" class=\"envira-gallery-item enviratope-item envira-gallery-item-3 envira-lazy-load\" style=\"padding-left: 1px; padding-bottom: 1px; padding-right: 1px;\"  itemscope itemtype=\"https:\/\/schema.org\/ImageObject\"><div class=\"envira-gallery-item-inner\"><div class=\"envira-gallery-position-overlay  envira-gallery-top-left\"><\/div><div class=\"envira-gallery-position-overlay  envira-gallery-top-right\"><\/div><div class=\"envira-gallery-position-overlay  envira-gallery-bottom-left\"><\/div><div class=\"envira-gallery-position-overlay  envira-gallery-bottom-right\"><\/div><a href=\"http:\/\/loicpantaly.com\/wp-content\/uploads\/2022\/03\/CNES-PANTALY-LOIC.jpg\" class=\"envira-gallery-7733 envira-gallery-link\" rel=\"enviragallery7733\" title=\"Nuit Blanche CNES 2016 &amp;#8211; Vertige\" data-envira-caption=\"Nuit Blanche CNES 2016 &amp;#8211; Vertige\" data-envira-retina=\"\" data-thumbnail=\"\"  itemprop=\"contentUrl\"><img decoding=\"async\" id=\"envira-gallery-image-7727\" class=\"envira-gallery-image envira-gallery-image-3 envira-normal envira-lazy\" data-envira-index=\"3\" src=\"https:\/\/loicpantaly.com\/wp-content\/uploads\/2022\/03\/CNES-PANTALY-LOIC-1024x683-640x480.jpg\" data-envira-src=\"https:\/\/loicpantaly.com\/wp-content\/uploads\/2022\/03\/CNES-PANTALY-LOIC-1024x683-640x480.jpg\" data-envira-gallery-id=\"7733\" data-envira-item-id=\"7727\" data-envira-caption=\"Nuit Blanche CNES 2016 &amp;amp;#8211; Vertige\" alt=\"\" title=\"Nuit Blanche CNES 2016 &amp;#8211; Vertige\"  itemprop=\"thumbnailUrl\" data-envira-srcset=\"https:\/\/loicpantaly.com\/wp-content\/uploads\/2022\/03\/CNES-PANTALY-LOIC-1024x683-640x480.jpg 400w,https:\/\/loicpantaly.com\/wp-content\/uploads\/2022\/03\/CNES-PANTALY-LOIC-1024x683-640x480.jpg 2x\" data-envira-width=\"300\" data-envira-height=\"200\" srcset=\"data:image\/gif;base64,R0lGODlhAQABAIAAAP\/\/\/\/\/\/\/yH5BAEKAAEALAAAAAABAAEAAAICTAEAOw==\" data-safe-src=\"data:image\/gif;base64,R0lGODlhAQABAIAAAP\/\/\/\/\/\/\/yH5BAEKAAEALAAAAAABAAEAAAICTAEAOw==\" \/><\/a><\/div><\/div><\/div><\/div><noscript><img decoding=\"async\" src=\"https:\/\/loicpantaly.com\/wp-content\/uploads\/2022\/03\/SSCP-CNES-PANTALY-LOIC-scaled.jpg\" alt=\"\" \/><img decoding=\"async\" src=\"https:\/\/loicpantaly.com\/wp-content\/uploads\/2022\/03\/dessin-IRIS-SONDE-PANTALY-LOIC.jpg\" alt=\"\" \/><img decoding=\"async\" src=\"https:\/\/loicpantaly.com\/wp-content\/uploads\/2022\/03\/CNES-PANTALY-LOIC.jpg\" alt=\"\" \/><\/noscript><\/div>\n","protected":false},"excerpt":{"rendered":"<p>\u2026<\/p>\n","protected":false},"author":1,"featured_media":0,"parent":0,"menu_order":0,"comment_status":"closed","ping_status":"closed","template":"","meta":{"footnotes":""},"class_list":["post-7461","page","type-page","status-publish","hentry","post"],"_links":{"self":[{"href":"https:\/\/loicpantaly.com\/index.php\/wp-json\/wp\/v2\/pages\/7461","targetHints":{"allow":["GET"]}}],"collection":[{"href":"https:\/\/loicpantaly.com\/index.php\/wp-json\/wp\/v2\/pages"}],"about":[{"href":"https:\/\/loicpantaly.com\/index.php\/wp-json\/wp\/v2\/types\/page"}],"author":[{"embeddable":true,"href":"https:\/\/loicpantaly.com\/index.php\/wp-json\/wp\/v2\/users\/1"}],"replies":[{"embeddable":true,"href":"https:\/\/loicpantaly.com\/index.php\/wp-json\/wp\/v2\/comments?post=7461"}],"version-history":[{"count":11,"href":"https:\/\/loicpantaly.com\/index.php\/wp-json\/wp\/v2\/pages\/7461\/revisions"}],"predecessor-version":[{"id":7739,"href":"https:\/\/loicpantaly.com\/index.php\/wp-json\/wp\/v2\/pages\/7461\/revisions\/7739"}],"wp:attachment":[{"href":"https:\/\/loicpantaly.com\/index.php\/wp-json\/wp\/v2\/media?parent=7461"}],"curies":[{"name":"wp","href":"https:\/\/api.w.org\/{rel}","templated":true}]}}