{"id":7467,"date":"2021-09-13T11:53:42","date_gmt":"2021-09-13T11:53:42","guid":{"rendered":"http:\/\/loicpantaly.com\/?page_id=7467"},"modified":"2022-03-29T02:56:38","modified_gmt":"2022-03-29T02:56:38","slug":"panoeuptique","status":"publish","type":"page","link":"https:\/\/loicpantaly.com\/index.php\/panoeuptique\/","title":{"rendered":"Panoeuptique"},"content":{"rendered":"\n<figure class=\"wp-block-image size-large\"><img loading=\"lazy\" decoding=\"async\" width=\"1024\" height=\"766\" src=\"http:\/\/loicpantaly.com\/wp-content\/uploads\/2022\/03\/Capture-de\u0301cran-2022-03-29-a\u0300-04.51.05-1024x766.png\" alt=\"\" class=\"wp-image-7741\" srcset=\"https:\/\/loicpantaly.com\/wp-content\/uploads\/2022\/03\/Capture-de\u0301cran-2022-03-29-a\u0300-04.51.05-1024x766.png 1024w, https:\/\/loicpantaly.com\/wp-content\/uploads\/2022\/03\/Capture-de\u0301cran-2022-03-29-a\u0300-04.51.05-300x224.png 300w, https:\/\/loicpantaly.com\/wp-content\/uploads\/2022\/03\/Capture-de\u0301cran-2022-03-29-a\u0300-04.51.05-768x575.png 768w, https:\/\/loicpantaly.com\/wp-content\/uploads\/2022\/03\/Capture-de\u0301cran-2022-03-29-a\u0300-04.51.05.png 1096w\" sizes=\"auto, (max-width: 1024px) 100vw, 1024px\" \/><\/figure>\n\n\n\n<p>Le \u2018Panoeuptique est consid\u00e9r\u00e9 comme un univers autonome o\u00f9 sont \u00e9troitement li\u00e9s des principes de gestation et de mouvements perp\u00e9tuels. Son processus de cr\u00e9ation ne s\u2019arr\u00eate jamais.<\/p>\n\n\n\n<p>Par les diverses \u00e9tudes men\u00e9es sur la nature de l\u2019oeuf et de l\u2019oeuf au plat, Lo\u00efc Pantaly fabrique un langage d\u2019expressions et de r\u00e9flexions, de symboles transform\u00e9s et r\u00e9interpr\u00e9t\u00e9s qui ouvrent un univers empirique entre la macrocosme et un m\u00e9canisme d\u2019expansion continu.<br>Incompr\u00e9hensibles d\u00e8s le premier abord car semblants d\u00e9nu\u00e9s de sens, les r\u00e9bus de recherches gigantesques t\u00e9moignent d&rsquo;une certaine ironie a vouloir confondre le processus de r\u00e9flexions d\u00e9mesur\u00e9es face au regard d\u00e9sarm\u00e9 du spectateur.<\/p>\n\n\n\n<p>Successions d\u2019\u00e9tapes en pleine construction, avant tout de recherches<br>de formes et d\u2019id\u00e9es, certaines parties des sch\u00e9mas aboutissent \u00e0 la r\u00e9alisation concr\u00e8te de sculptures\/installations.<br>Point d\u2019exception parmi une multitude de d\u00e9tails, ces choix de r\u00e9alisation permettent au processus g\u00e9n\u00e9ral d\u2019\u00eatre en constante \u00e9volution et finalement, en non \u00e9volution.<\/p>\n\n\n\n<figure class=\"wp-block-image size-large\"><img loading=\"lazy\" decoding=\"async\" width=\"1024\" height=\"685\" src=\"http:\/\/loicpantaly.com\/wp-content\/uploads\/2022\/03\/Capture-de\u0301cran-2022-03-29-a\u0300-04.50.45-1024x685.png\" alt=\"\" class=\"wp-image-7742\" srcset=\"https:\/\/loicpantaly.com\/wp-content\/uploads\/2022\/03\/Capture-de\u0301cran-2022-03-29-a\u0300-04.50.45-1024x685.png 1024w, https:\/\/loicpantaly.com\/wp-content\/uploads\/2022\/03\/Capture-de\u0301cran-2022-03-29-a\u0300-04.50.45-300x201.png 300w, https:\/\/loicpantaly.com\/wp-content\/uploads\/2022\/03\/Capture-de\u0301cran-2022-03-29-a\u0300-04.50.45-768x514.png 768w, https:\/\/loicpantaly.com\/wp-content\/uploads\/2022\/03\/Capture-de\u0301cran-2022-03-29-a\u0300-04.50.45-1600x1071.png 1600w, https:\/\/loicpantaly.com\/wp-content\/uploads\/2022\/03\/Capture-de\u0301cran-2022-03-29-a\u0300-04.50.45-1536x1028.png 1536w, https:\/\/loicpantaly.com\/wp-content\/uploads\/2022\/03\/Capture-de\u0301cran-2022-03-29-a\u0300-04.50.45.png 2026w\" sizes=\"auto, (max-width: 1024px) 100vw, 1024px\" \/><\/figure>\n\n\n\n<figure class=\"wp-block-image size-large\"><img loading=\"lazy\" decoding=\"async\" width=\"1024\" height=\"705\" src=\"http:\/\/loicpantaly.com\/wp-content\/uploads\/2022\/03\/panoeuptique-art-Paris-1024x705.jpg\" alt=\"\" class=\"wp-image-7744\" srcset=\"https:\/\/loicpantaly.com\/wp-content\/uploads\/2022\/03\/panoeuptique-art-Paris-1024x705.jpg 1024w, https:\/\/loicpantaly.com\/wp-content\/uploads\/2022\/03\/panoeuptique-art-Paris-300x207.jpg 300w, https:\/\/loicpantaly.com\/wp-content\/uploads\/2022\/03\/panoeuptique-art-Paris-768x529.jpg 768w, https:\/\/loicpantaly.com\/wp-content\/uploads\/2022\/03\/panoeuptique-art-Paris-1600x1102.jpg 1600w, https:\/\/loicpantaly.com\/wp-content\/uploads\/2022\/03\/panoeuptique-art-Paris-1536x1058.jpg 1536w, https:\/\/loicpantaly.com\/wp-content\/uploads\/2022\/03\/panoeuptique-art-Paris-2048x1410.jpg 2048w\" sizes=\"auto, (max-width: 1024px) 100vw, 1024px\" \/><\/figure>\n","protected":false},"excerpt":{"rendered":"<p>\u2026<\/p>\n","protected":false},"author":1,"featured_media":0,"parent":0,"menu_order":0,"comment_status":"closed","ping_status":"closed","template":"","meta":{"footnotes":""},"class_list":["post-7467","page","type-page","status-publish","hentry","post"],"_links":{"self":[{"href":"https:\/\/loicpantaly.com\/index.php\/wp-json\/wp\/v2\/pages\/7467","targetHints":{"allow":["GET"]}}],"collection":[{"href":"https:\/\/loicpantaly.com\/index.php\/wp-json\/wp\/v2\/pages"}],"about":[{"href":"https:\/\/loicpantaly.com\/index.php\/wp-json\/wp\/v2\/types\/page"}],"author":[{"embeddable":true,"href":"https:\/\/loicpantaly.com\/index.php\/wp-json\/wp\/v2\/users\/1"}],"replies":[{"embeddable":true,"href":"https:\/\/loicpantaly.com\/index.php\/wp-json\/wp\/v2\/comments?post=7467"}],"version-history":[{"count":3,"href":"https:\/\/loicpantaly.com\/index.php\/wp-json\/wp\/v2\/pages\/7467\/revisions"}],"predecessor-version":[{"id":7746,"href":"https:\/\/loicpantaly.com\/index.php\/wp-json\/wp\/v2\/pages\/7467\/revisions\/7746"}],"wp:attachment":[{"href":"https:\/\/loicpantaly.com\/index.php\/wp-json\/wp\/v2\/media?parent=7467"}],"curies":[{"name":"wp","href":"https:\/\/api.w.org\/{rel}","templated":true}]}}